{"id":743,"date":"2022-12-06T21:21:45","date_gmt":"2022-12-06T20:21:45","guid":{"rendered":"http:\/\/samyachemraih.sites.3wa.io\/wordpress\/?post_type=product&#038;p=743"},"modified":"2022-12-06T21:26:27","modified_gmt":"2022-12-06T20:26:27","slug":"pierre-roulee-jaspe-rouge","status":"publish","type":"product","link":"http:\/\/samyachemraih.sites.3wa.io\/wordpress\/index.php\/product\/pierre-roulee-jaspe-rouge\/","title":{"rendered":"Pierre roul\u00e9e Jaspe rouge"},"content":{"rendered":"<p>    Marque : Les cailloux de Samya<br \/>\n    Type : Pierre roul\u00e9e<br \/>\n    Type de pierre : Jaspe Rouge<br \/>\n    Taille de pierre roul\u00e9e : entre 2 cm et 5 cm<br \/>\n    \u00c0 noter : Vendue \u00e0 l\u2019unit\u00e9<\/p>\n","protected":false},"excerpt":{"rendered":"<p>Marque : Les cailloux de Samya Type : Pierre roul\u00e9e Type de pierre : Jaspe Rouge Taille de pierre roul\u00e9e : entre 2 cm et 5 cm \u00c0 noter : Vendue \u00e0 l\u2019unit\u00e9<\/p>\n","protected":false},"featured_media":712,"comment_status":"open","ping_status":"closed","template":"","meta":{"_et_pb_use_builder":"","_et_pb_old_content":"","_et_gb_content_width":""},"product_cat":[70,38,58],"product_tag":[],"yoast_head":"<!-- This site is optimized with the Yoast SEO plugin v19.11 - https:\/\/yoast.com\/wordpress\/plugins\/seo\/ -->\n<title>Pierre roul\u00e9e Jaspe rouge - Les caillous de Samya<\/title>\n<meta name=\"robots\" content=\"noindex, follow, max-snippet:-1, max-image-preview:large, max-video-preview:-1\" \/>\n<meta property=\"og:locale\" content=\"fr_FR\" \/>\n<meta property=\"og:type\" content=\"article\" \/>\n<meta property=\"og:title\" content=\"Pierre roul\u00e9e Jaspe rouge - Les caillous de Samya\" \/>\n<meta property=\"og:description\" content=\"Marque : Les cailloux de Samya Type : Pierre roul\u00e9e Type de pierre : Jaspe Rouge Taille de pierre roul\u00e9e : entre 2 cm et 5 cm \u00c0 noter : Vendue \u00e0 l\u2019unit\u00e9\" \/>\n<meta property=\"og:url\" content=\"http:\/\/samyachemraih.sites.3wa.io\/wordpress\/index.php\/product\/pierre-roulee-jaspe-rouge\/\" \/>\n<meta property=\"og:site_name\" content=\"Les caillous de Samya\" \/>\n<meta property=\"article:modified_time\" content=\"2022-12-06T20:26:27+00:00\" \/>\n<meta property=\"og:image\" content=\"http:\/\/samyachemraih.sites.3wa.io\/wordpress\/wp-content\/uploads\/2022\/12\/pierre-roulee-jaspe-rouge-01.jpg\" \/>\n\t<meta property=\"og:image:width\" content=\"1000\" \/>\n\t<meta property=\"og:image:height\" content=\"1000\" \/>\n\t<meta property=\"og:image:type\" content=\"image\/jpeg\" \/>\n<meta name=\"twitter:card\" content=\"summary_large_image\" \/>\n<script type=\"application\/ld+json\" class=\"yoast-schema-graph\">{\"@context\":\"https:\/\/schema.org\",\"@graph\":[{\"@type\":\"WebPage\",\"@id\":\"http:\/\/samyachemraih.sites.3wa.io\/wordpress\/index.php\/product\/pierre-roulee-jaspe-rouge\/\",\"url\":\"http:\/\/samyachemraih.sites.3wa.io\/wordpress\/index.php\/product\/pierre-roulee-jaspe-rouge\/\",\"name\":\"Pierre roul\u00e9e Jaspe rouge - Les caillous de Samya\",\"isPartOf\":{\"@id\":\"http:\/\/samyachemraih.sites.3wa.io\/wordpress\/#website\"},\"datePublished\":\"2022-12-06T20:21:45+00:00\",\"dateModified\":\"2022-12-06T20:26:27+00:00\",\"breadcrumb\":{\"@id\":\"http:\/\/samyachemraih.sites.3wa.io\/wordpress\/index.php\/product\/pierre-roulee-jaspe-rouge\/#breadcrumb\"},\"inLanguage\":\"fr-FR\",\"potentialAction\":[{\"@type\":\"ReadAction\",\"target\":[\"http:\/\/samyachemraih.sites.3wa.io\/wordpress\/index.php\/product\/pierre-roulee-jaspe-rouge\/\"]}]},{\"@type\":\"BreadcrumbList\",\"@id\":\"http:\/\/samyachemraih.sites.3wa.io\/wordpress\/index.php\/product\/pierre-roulee-jaspe-rouge\/#breadcrumb\",\"itemListElement\":[{\"@type\":\"ListItem\",\"position\":1,\"name\":\"Home\",\"item\":\"http:\/\/samyachemraih.sites.3wa.io\/wordpress\/\"},{\"@type\":\"ListItem\",\"position\":2,\"name\":\"Products\",\"item\":\"http:\/\/samyachemraih.sites.3wa.io\/wordpress\/index.php\/shop\/\"},{\"@type\":\"ListItem\",\"position\":3,\"name\":\"Pierre roul\u00e9e Jaspe rouge\"}]},{\"@type\":\"WebSite\",\"@id\":\"http:\/\/samyachemraih.sites.3wa.io\/wordpress\/#website\",\"url\":\"http:\/\/samyachemraih.sites.3wa.io\/wordpress\/\",\"name\":\"Les caillous de Samya\",\"description\":\"Un site utilisant WordPress\",\"publisher\":{\"@id\":\"http:\/\/samyachemraih.sites.3wa.io\/wordpress\/#organization\"},\"potentialAction\":[{\"@type\":\"SearchAction\",\"target\":{\"@type\":\"EntryPoint\",\"urlTemplate\":\"http:\/\/samyachemraih.sites.3wa.io\/wordpress\/?s={search_term_string}\"},\"query-input\":\"required name=search_term_string\"}],\"inLanguage\":\"fr-FR\"},{\"@type\":\"Organization\",\"@id\":\"http:\/\/samyachemraih.sites.3wa.io\/wordpress\/#organization\",\"name\":\"Les caillous de Samya\",\"url\":\"http:\/\/samyachemraih.sites.3wa.io\/wordpress\/\",\"logo\":{\"@type\":\"ImageObject\",\"inLanguage\":\"fr-FR\",\"@id\":\"http:\/\/samyachemraih.sites.3wa.io\/wordpress\/#\/schema\/logo\/image\/\",\"url\":\"http:\/\/samyachemraih.sites.3wa.io\/wordpress\/wp-content\/uploads\/2022\/12\/logo-512.png\",\"contentUrl\":\"http:\/\/samyachemraih.sites.3wa.io\/wordpress\/wp-content\/uploads\/2022\/12\/logo-512.png\",\"width\":1463,\"height\":512,\"caption\":\"Les caillous de Samya\"},\"image\":{\"@id\":\"http:\/\/samyachemraih.sites.3wa.io\/wordpress\/#\/schema\/logo\/image\/\"}}]}<\/script>\n<!-- \/ Yoast SEO plugin. -->","yoast_head_json":{"title":"Pierre roul\u00e9e Jaspe rouge - Les caillous de Samya","robots":{"index":"noindex","follow":"follow","max-snippet":"max-snippet:-1","max-image-preview":"max-image-preview:large","max-video-preview":"max-video-preview:-1"},"og_locale":"fr_FR","og_type":"article","og_title":"Pierre roul\u00e9e Jaspe rouge - Les caillous de Samya","og_description":"Marque : Les cailloux de Samya Type : Pierre roul\u00e9e Type de pierre : Jaspe Rouge Taille de pierre roul\u00e9e : entre 2 cm et 5 cm \u00c0 noter : Vendue \u00e0 l\u2019unit\u00e9","og_url":"http:\/\/samyachemraih.sites.3wa.io\/wordpress\/index.php\/product\/pierre-roulee-jaspe-rouge\/","og_site_name":"Les caillous de Samya","article_modified_time":"2022-12-06T20:26:27+00:00","og_image":[{"width":1000,"height":1000,"url":"http:\/\/samyachemraih.sites.3wa.io\/wordpress\/wp-content\/uploads\/2022\/12\/pierre-roulee-jaspe-rouge-01.jpg","type":"image\/jpeg"}],"twitter_card":"summary_large_image","schema":{"@context":"https:\/\/schema.org","@graph":[{"@type":"WebPage","@id":"http:\/\/samyachemraih.sites.3wa.io\/wordpress\/index.php\/product\/pierre-roulee-jaspe-rouge\/","url":"http:\/\/samyachemraih.sites.3wa.io\/wordpress\/index.php\/product\/pierre-roulee-jaspe-rouge\/","name":"Pierre roul\u00e9e Jaspe rouge - Les caillous de Samya","isPartOf":{"@id":"http:\/\/samyachemraih.sites.3wa.io\/wordpress\/#website"},"datePublished":"2022-12-06T20:21:45+00:00","dateModified":"2022-12-06T20:26:27+00:00","breadcrumb":{"@id":"http:\/\/samyachemraih.sites.3wa.io\/wordpress\/index.php\/product\/pierre-roulee-jaspe-rouge\/#breadcrumb"},"inLanguage":"fr-FR","potentialAction":[{"@type":"ReadAction","target":["http:\/\/samyachemraih.sites.3wa.io\/wordpress\/index.php\/product\/pierre-roulee-jaspe-rouge\/"]}]},{"@type":"BreadcrumbList","@id":"http:\/\/samyachemraih.sites.3wa.io\/wordpress\/index.php\/product\/pierre-roulee-jaspe-rouge\/#breadcrumb","itemListElement":[{"@type":"ListItem","position":1,"name":"Home","item":"http:\/\/samyachemraih.sites.3wa.io\/wordpress\/"},{"@type":"ListItem","position":2,"name":"Products","item":"http:\/\/samyachemraih.sites.3wa.io\/wordpress\/index.php\/shop\/"},{"@type":"ListItem","position":3,"name":"Pierre roul\u00e9e Jaspe rouge"}]},{"@type":"WebSite","@id":"http:\/\/samyachemraih.sites.3wa.io\/wordpress\/#website","url":"http:\/\/samyachemraih.sites.3wa.io\/wordpress\/","name":"Les caillous de Samya","description":"Un site utilisant WordPress","publisher":{"@id":"http:\/\/samyachemraih.sites.3wa.io\/wordpress\/#organization"},"potentialAction":[{"@type":"SearchAction","target":{"@type":"EntryPoint","urlTemplate":"http:\/\/samyachemraih.sites.3wa.io\/wordpress\/?s={search_term_string}"},"query-input":"required name=search_term_string"}],"inLanguage":"fr-FR"},{"@type":"Organization","@id":"http:\/\/samyachemraih.sites.3wa.io\/wordpress\/#organization","name":"Les caillous de Samya","url":"http:\/\/samyachemraih.sites.3wa.io\/wordpress\/","logo":{"@type":"ImageObject","inLanguage":"fr-FR","@id":"http:\/\/samyachemraih.sites.3wa.io\/wordpress\/#\/schema\/logo\/image\/","url":"http:\/\/samyachemraih.sites.3wa.io\/wordpress\/wp-content\/uploads\/2022\/12\/logo-512.png","contentUrl":"http:\/\/samyachemraih.sites.3wa.io\/wordpress\/wp-content\/uploads\/2022\/12\/logo-512.png","width":1463,"height":512,"caption":"Les caillous de Samya"},"image":{"@id":"http:\/\/samyachemraih.sites.3wa.io\/wordpress\/#\/schema\/logo\/image\/"}}]}},"_links":{"self":[{"href":"http:\/\/samyachemraih.sites.3wa.io\/wordpress\/index.php\/wp-json\/wp\/v2\/product\/743"}],"collection":[{"href":"http:\/\/samyachemraih.sites.3wa.io\/wordpress\/index.php\/wp-json\/wp\/v2\/product"}],"about":[{"href":"http:\/\/samyachemraih.sites.3wa.io\/wordpress\/index.php\/wp-json\/wp\/v2\/types\/product"}],"replies":[{"embeddable":true,"href":"http:\/\/samyachemraih.sites.3wa.io\/wordpress\/index.php\/wp-json\/wp\/v2\/comments?post=743"}],"wp:featuredmedia":[{"embeddable":true,"href":"http:\/\/samyachemraih.sites.3wa.io\/wordpress\/index.php\/wp-json\/wp\/v2\/media\/712"}],"wp:attachment":[{"href":"http:\/\/samyachemraih.sites.3wa.io\/wordpress\/index.php\/wp-json\/wp\/v2\/media?parent=743"}],"wp:term":[{"taxonomy":"product_cat","embeddable":true,"href":"http:\/\/samyachemraih.sites.3wa.io\/wordpress\/index.php\/wp-json\/wp\/v2\/product_cat?post=743"},{"taxonomy":"product_tag","embeddable":true,"href":"http:\/\/samyachemraih.sites.3wa.io\/wordpress\/index.php\/wp-json\/wp\/v2\/product_tag?post=743"}],"curies":[{"name":"wp","href":"https:\/\/api.w.org\/{rel}","templated":true}]}}